{"id":6920,"date":"2024-09-08T23:38:29","date_gmt":"2024-09-08T23:38:29","guid":{"rendered":"https:\/\/prontotranslations.com\/?page_id=6920"},"modified":"2026-01-09T02:12:41","modified_gmt":"2026-01-09T02:12:41","slug":"turkish-translation-services","status":"publish","type":"page","link":"https:\/\/prontotranslations.com\/zh-hans\/list-of-languages\/turkish-translation-services\/","title":{"rendered":"\u571f\u8033\u5176\u8bed\u7ffb\u8bd1\u548c\u672c\u5730\u5316"},"content":{"rendered":"<div class=\"wpb-content-wrapper\"><p>[vc_row css_animation=&#8221;&#8221; row_type=&#8221;row&#8221; use_row_as_full_screen_section=&#8221;no&#8221; type=&#8221;full_width&#8221; angled_section=&#8221;no&#8221; text_align=&#8221;left&#8221; background_image_as_pattern=&#8221;without_pattern&#8221; z_index=&#8221;&#8221;][vc_column][vc_column_text css=&#8221;.vc_custom_1741820216252{padding-bottom: 30px !important;}&#8221;]<\/p>\n<h1 style=\"text-align: center;\">\u9009\u62e9\u6211\u4eec\u7684\u571f\u8033\u5176\u8bed\u7ffb\u8bd1\u670d\u52a1\uff0c\u4e0e\u60a8\u7684\u53d7\u4f17\u5efa\u7acb\u8054\u7cfb<\/h1>\n<p>[\/vc_column_text][\/vc_column][\/vc_row][vc_row css_animation=&#8221;&#8221; row_type=&#8221;row&#8221; use_row_as_full_screen_section=&#8221;no&#8221; type=&#8221;grid&#8221; angled_section=&#8221;no&#8221; text_align=&#8221;left&#8221; background_image_as_pattern=&#8221;without_pattern&#8221; z_index=&#8221;&#8221; css=&#8221;.vc_custom_1719198241526{padding-top: 50px !important;padding-right: 10% !important;padding-left: 10% !important;}&#8221;][vc_column width=&#8221;1\/2&#8243; css=&#8221;.vc_custom_1712629369530{padding-right: 10% !important;padding-left: 10% !important;}&#8221;][vc_row_inner row_type=&#8221;row&#8221; type=&#8221;full_width&#8221; text_align=&#8221;center&#8221; css_animation=&#8221;&#8221; css=&#8221;.vc_custom_1722784476757{padding-top: 20px !important;}&#8221;][vc_column_inner][vc_column_text css=&#8221;.vc_custom_1767924651451{padding-bottom: 50px !important;}&#8221;]<\/p>\n<p style=\"text-align: center;\"><strong>Pronto Translations\u662f\u4e00\u5bb6\u62e5\u670925\u5e74\u4ee5\u4e0a<\/strong><strong>\u4e1a\u52a1\u7ecf\u9a8c\u7684\u4e13\u4e1a\u516c\u53f8\uff0c\u4e3a\u4f01\u4e1a\u548c\u4e2a\u4eba\u5ba2\u6237\u63d0\u4f9b\u9ad8\u8d28\u91cf\u7684\u571f\u8033\u5176\u8bed\u7ffb\u8bd1\u670d\u52a1\uff0c\u4ee5\u53ca\u5176\u4ed6300\u79cd\u8bed\u8a00\u5bf9\u7684\u7ffb\u8bd1\u670d\u52a1\u3002<\/strong><\/p>\n<p>[\/vc_column_text][vc_column_text css=&#8221;.vc_custom_1741820501369{padding-top: 10px !important;padding-bottom: 10px !important;background-color: #00a6e4 !important;border-radius: 3px !important;}&#8221;]<\/p>\n<p style=\"text-align: center;\"><a href=\"https:\/\/prontotranslations.com\/zh-hans\/contact-pronto-translations-china\/\"><span style=\"color: #ffffff;\">\u5982\u9700\u571f\u8033\u5176\u8bed\u7ffb\u8bd1\u6216\u672c\u5730\u5316\u9879\u76ee\u652f\u6301\uff0c\u6b22\u8fce\u4e0e\u6211\u4eec\u8054\u7cfb<\/span><\/a><\/p>\n<p>[\/vc_column_text][vc_empty_space height=&#8221;52px&#8221;][\/vc_column_inner][\/vc_row_inner][\/vc_column][vc_column width=&#8221;1\/2&#8243;][vc_single_image image=&#8221;6922&#8243; img_size=&#8221;full&#8221; alignment=&#8221;center&#8221; css=&#8221;.vc_custom_1725839488788{padding-bottom: 30px !important;}&#8221; qode_css_animation=&#8221;&#8221;][vc_empty_space][\/vc_column][\/vc_row][vc_row css_animation=&#8221;&#8221; row_type=&#8221;row&#8221; use_row_as_full_screen_section=&#8221;no&#8221; type=&#8221;grid&#8221; angled_section=&#8221;no&#8221; text_align=&#8221;left&#8221; background_image_as_pattern=&#8221;without_pattern&#8221; z_index=&#8221;&#8221;][vc_column][vc_separator type=&#8221;normal&#8221; color=&#8221;#88cce2&#8243; thickness=&#8221;5&#8243; up=&#8221;0&#8243; down=&#8221;0&#8243;][\/vc_column][\/vc_row][vc_row css_animation=&#8221;&#8221; row_type=&#8221;row&#8221; use_row_as_full_screen_section=&#8221;no&#8221; type=&#8221;grid&#8221; angled_section=&#8221;no&#8221; text_align=&#8221;left&#8221; background_image_as_pattern=&#8221;without_pattern&#8221; z_index=&#8221;&#8221; css=&#8221;.vc_custom_1722956231897{background-color: rgba(0,166,228,0.05) !important;*background-color: rgb(0,166,228) !important;}&#8221;][vc_column][vc_row_inner row_type=&#8221;row&#8221; type=&#8221;full_width&#8221; text_align=&#8221;left&#8221; css_animation=&#8221;&#8221; css=&#8221;.vc_custom_1722956176185{padding-top: 50px !important;}&#8221;][vc_column_inner][vc_column_text css=&#8221;&#8221;]\u6211\u4eec\u7684<a href=\"https:\/\/prontotranslations.com\/zh-hans\/list-of-languages\/\">\u8bed\u8a00\u7ffb\u8bd1\u670d\u52a1<\/a>\u4e13\u5bb6\u56e2\u961f\u968f\u65f6\u51c6\u5907\u4e3a\u60a8\u63d0\u4f9b\u571f\u8033\u5176\u8bed\u7684\u7b14\u8bd1\u548c\u53e3\u8bd1\u670d\u52a1\uff0c\u6ee1\u8db3\u60a8\u7684\u5404\u79cd\u5546\u52a1\u6216\u4e2a\u4eba\u9700\u6c42\u3002\u65e0\u8bba\u60a8\u7684\u9879\u76ee\u591a\u4e48\u590d\u6742\u6216\u7d27\u6025\uff0c\u6211\u4eec\u7684\u4e13\u4e1a\u8bd1\u5458\u90fd\u80fd\u4ee5100%\u7684\u51c6\u786e\u5ea6\u53ca\u65f6\u5b8c\u6210\u3002\u6211\u4eec\u4fdd\u8bc1\u60a8\u59d4\u6258\u7ed9Pronto Translations\u7684\u6240\u6709\u6587\u4ef6\u5728\u8d28\u91cf\u3001\u4fdd\u5bc6\u6027\u548c\u6570\u636e\u5b89\u5168\u6027\u65b9\u9762\u90fd\u80fd\u5f97\u5230\u4fdd\u969c\u3002<\/p>\n<p>&nbsp;<\/p>\n<p>\u6211\u4eec\u4e86\u89e3\u6709\u4e9b\u5ba2\u6237\u9700\u8981\u4e13\u95e8\u7684\u5916\u8bed\u670d\u52a1\uff0c\u4f8b\u5982\u5c06\u654f\u611f\u7684\u5546\u4e1a\u6216\u91d1\u878d\u6587\u4ef6\u6216\u533b\u7597\u8bb0\u5f55\u7ffb\u8bd1\u6210\u571f\u8033\u5176\u8bed\u3002\u6211\u4eec\u4f1a\u5c06\u60a8\u7684\u7ffb\u8bd1\u4efb\u52a1\u5206\u914d\u7ed9\u5bf9\u7279\u5b9a\u9886\u57df\u53ca\u5176\u672f\u8bed\u6709\u6df1\u5165\u4e86\u89e3\u7684\u8bed\u8a00\u4e13\u5bb6\u3002<\/p>\n<p>&nbsp;<\/p>\n<h2>\u571f\u8033\u5176\u8bed\u662f\u5168\u7403\u4f7f\u7528\u4eba\u6570\u6392\u540d\u7b2c13\u7684\u8bed\u8a00\u3002<\/h2>\n<p>\u571f\u8033\u5176\u8bed(T\u00fcrk\u00e7e\uff0cT\u00fcrk dili)\u53c8\u79f0T\u00fcrkiye T\u00fcrk\u00e7esi\uff0c\u662f\u571f\u8033\u517693%\u4eba\u53e3\u7684\u6bcd\u8bed\uff0c\u4e5f\u662f30\u591a\u4e2a\u56fd\u5bb6\u571f\u8033\u5176\u4eba\u7684\u6bcd\u8bed\u3002\u5171\u67097810\u4e07\u4eba\u5c06\u571f\u8033\u5176\u8bed\u4f5c\u4e3a\u6bcd\u8bed\u3002\u5728\u539f\u5c5e\u5965\u65af\u66fc\u5e1d\u56fd\u7684\u56fd\u5bb6\u4e2d\uff0c\u81f3\u4eca\u4ecd\u4fdd\u7559\u7740\u8bb2\u571f\u8033\u5176\u8bed\u7684\u5c11\u6570\u65cf\u7fa4\u3002\u8fd9\u4e9b\u56fd\u5bb6\u5305\u62ec\u4fdd\u52a0\u5229\u4e9a\uff08\u6839\u636e2011\u5e74\u4eba\u53e3\u666e\u67e5\uff0c\u53609.1%\uff09\u3001\u585e\u6d66\u8def\u65af\u3001\u5e0c\u814a\uff08\u4e3b\u8981\u5206\u5e03\u5728\u897f\u8272\u96f7\u65af\uff09\u3001\u4f0a\u62c9\u514b\u3001\u5317\u9a6c\u5176\u987f\u3001\u7f57\u9a6c\u5c3c\u4e9a\u548c\u585e\u5c14\u7ef4\u4e9a\u3002\u6b64\u5916\uff0c\u5fb7\u56fd\u7ea6\u6709200\u4e07\u571f\u8033\u5176\u8bed\u4f7f\u7528\u8005\uff0c\u800c\u5965\u5730\u5229\u3001\u6bd4\u5229\u65f6\u3001\u6cd5\u56fd\u3001\u8377\u5170\u3001\u745e\u58eb\u3001\u82f1\u56fd\u548c\u7f8e\u56fd\u7b49\u56fd\u4e5f\u6709\u5927\u91cf\u8bb2\u571f\u8033\u5176\u8bed\u7684\u4eba\u53e3\u3002<\/p>\n<p>&nbsp;<\/p>\n<p>\u963f\u585e\u62dc\u7586\u8bed\uff0c\u53c8\u79f0\u963f\u6cfd\u91cc\u8bed\uff0c\u662f\u963f\u585e\u62dc\u7586\u7684\u5b98\u65b9\u8bed\u8a00\uff0c\u4e0e\u571f\u8033\u5176\u8bed\u9ad8\u5ea6\u4e92\u901a\u3002\u4e24\u79cd\u8bed\u8a00\u7684\u4f7f\u7528\u8005\u80fd\u591f\u6beb\u4e0d\u8d39\u529b\u5730\u7406\u89e3\u5bf9\u65b9\u7684\u8bed\u8a00\u3002[\/vc_column_text][\/vc_column_inner][\/vc_row_inner][vc_row_inner row_type=&#8221;row&#8221; type=&#8221;full_width&#8221; text_align=&#8221;left&#8221; css_animation=&#8221;&#8221; css=&#8221;.vc_custom_1722956176185{padding-top: 50px !important;}&#8221;][vc_column_inner][vc_single_image image=&#8221;6923&#8243; img_size=&#8221;full&#8221; alignment=&#8221;center&#8221; qode_css_animation=&#8221;&#8221;][\/vc_column_inner][\/vc_row_inner][vc_row_inner row_type=&#8221;row&#8221; type=&#8221;full_width&#8221; text_align=&#8221;left&#8221; css_animation=&#8221;&#8221; css=&#8221;.vc_custom_1722956176185{padding-top: 50px !important;}&#8221;][vc_column_inner][vc_column_text css=&#8221;&#8221;]<\/p>\n<h2>\u5b98\u65b9\u5730\u4f4d<\/h2>\n<p>\u571f\u8033\u5176\u8bed\u662f\u571f\u8033\u5176\u7684\u5b98\u65b9\u8bed\u8a00\uff0c\u4e5f\u662f\u585e\u6d66\u8def\u65af\u7684\u5b98\u65b9\u8bed\u8a00\u4e4b\u4e00\u3002\u5b83\u662f\u5317\u585e\u6d66\u8def\u65af\u7684\u552f\u4e00\u5b98\u65b9\u8bed\u8a00\u3002\u81ea2015\u5e74\u4ee5\u6765\uff0c\u571f\u8033\u5176\u8bed\u662f\u79d1\u7d22\u6c8338\u4e2a\u5e02\u9547\u7684\u5b98\u65b9\u8bed\u8a00\uff0c\u5305\u62ec\u571f\u8033\u5176\u4eba\u5360\u7edd\u5927\u591a\u6570\u7684\u9a6c\u7a46\u6c99\u3002\u6b64\u5916\uff0c\u571f\u8033\u5176\u8bed\u8fd8\u662f\u5317\u9a6c\u5176\u987f\u5171\u548c\u56fd\u7684\u4e24\u4e2a\u5e02\u9547\u4ee5\u53ca\u4f0a\u62c9\u514b\u57fa\u5c14\u5e93\u514b\u7701\u7684\u5171\u540c\u5b98\u65b9\u8bed\u8a00\u3002[\/vc_column_text][\/vc_column_inner][\/vc_row_inner][vc_empty_space][\/vc_column][\/vc_row][vc_row css_animation=&#8221;&#8221; row_type=&#8221;row&#8221; use_row_as_full_screen_section=&#8221;no&#8221; type=&#8221;grid&#8221; angled_section=&#8221;no&#8221; text_align=&#8221;left&#8221; background_image_as_pattern=&#8221;without_pattern&#8221; z_index=&#8221;&#8221;][vc_column][vc_separator type=&#8221;normal&#8221; color=&#8221;#88cce2&#8243; thickness=&#8221;5&#8243; up=&#8221;0&#8243; down=&#8221;0&#8243;][\/vc_column][\/vc_row][vc_row css_animation=&#8221;&#8221; row_type=&#8221;row&#8221; use_row_as_full_screen_section=&#8221;no&#8221; type=&#8221;grid&#8221; angled_section=&#8221;no&#8221; text_align=&#8221;left&#8221; background_image_as_pattern=&#8221;without_pattern&#8221; z_index=&#8221;&#8221; css=&#8221;.vc_custom_1722957023348{padding-top: 50px !important;}&#8221;][vc_column width=&#8221;1\/2&#8243;][vc_row_inner row_type=&#8221;row&#8221; type=&#8221;full_width&#8221; text_align=&#8221;left&#8221; css_animation=&#8221;&#8221;][vc_column_inner][vc_column_text css=&#8221;&#8221;]<\/p>\n<h2>\u8058\u8bf7\u6211\u4eec\u571f\u8033\u5176\u8bed\u7ffb\u8bd1\u670d\u52a1\u673a\u6784\u7684\u53e3\u8bd1\u5458\u7684\u597d\u5904<\/h2>\n<p>\u5728\u67d0\u4e9b\u60c5\u51b5\u4e0b\uff0c\u60a8\u53ef\u80fd\u9700\u8981\u5728\u5728\u7ebf\u89c6\u9891\u4f1a\u8bae\u3001\u7535\u8bdd\u4f1a\u8bae\u6216\u9762\u5bf9\u9762\u4f1a\u8bae\u4e2d\u8fdb\u884c\u9ad8\u8d28\u91cf\u7684\u4e2d\u6587\u6216\u82f1\u8bed\u5230\u571f\u8033\u5176\u8bed\u7ffb\u8bd1\u3002\u60a8\u53ef\u4ee5\u653e\u5fc3\uff0c\u6211\u4eec\u4e3a\u60a8\u5b89\u6392\u7684\u4e13\u4e1a\u4eba\u5458\u7ecf\u9a8c\u4e30\u5bcc\uff0c\u53ef\u6839\u636e\u60a8\u7684\u9700\u6c42\u9009\u62e9\u6700\u4f73\u53e3\u8bd1\u65b9\u6cd5\u3002<\/p>\n<ul>\n<li>\u8fde\u7eed\u4f20\u8bd1<\/li>\n<li>\u540c\u58f0\u4f20\u8bd1<\/li>\n<li>\u7535\u8bdd\u4f20\u8bd1<\/li>\n<li>\u8033\u8bed\u4f20\u8bd1<\/li>\n<\/ul>\n<p>\u53e3\u8bd1\u5458\u5c06\u4ee5\u4e0d\u663e\u773c\u7684\u65b9\u5f0f\u63d0\u4f9b\u51c6\u786e\u7684\u571f\u8033\u5176\u8bed\u7ffb\u8bd1\u670d\u52a1\uff0c\u5e76\u5bf9\u4f1a\u8bae\u4e2d\u542c\u5230\u7684\u6240\u6709\u5185\u5bb9\u4fdd\u5bc6\u3002<\/p>\n<h2><\/h2>\n<h2><strong>\u6211\u4eec\u53ef\u4ee5\u5904\u7406\u7d27\u6025\u7684\u571f\u8033\u5176\u8bed\u7ffb\u8bd1\u670d\u52a1\u8bf7\u6c42<\/strong><\/h2>\n<p>\u5728\u67d0\u4e9b\u60c5\u51b5\u4e0b\uff0c\u60a8\u53ef\u80fd\u9700\u8981\u5728\u77ed\u65f6\u95f4\u5185\u5c06\u5927\u91cf\u6587\u4ef6\u7ffb\u8bd1\u6210\u571f\u8033\u5176\u8bed\u3002\u5355\u4e2a\u81ea\u7531\u8bd1\u5458\u53ef\u80fd\u65e0\u6cd5\u6ee1\u8db3\u8fd9\u4e00\u8981\u6c42\u3002\u7136\u800c\uff0c\u4e00\u5bb6\u5177\u6709\u5168\u7403\u5f71\u54cd\u529b\u7684\u571f\u8033\u5176\u8bed\u7ffb\u8bd1\u673a\u6784\u53ef\u4ee5\u8f7b\u677e\u5e94\u5bf9\u6700\u7d27\u6025\u7684\u4efb\u52a1\uff0c\u5e76\u6309\u65f6\u4ea4\u4ed8\u3002<\/p>\n<p>&nbsp;<\/p>\n<p>\u6211\u4eec\u7684\u571f\u8033\u5176\u8bed\u7ffb\u8bd1\u670d\u52a1\u4e13\u5bb6\u5c06\u901a\u529b\u5408\u4f5c\uff0c\u786e\u4fdd\u60a8\u5728\u9700\u8981\u65f6\u83b7\u5f97\u7ffb\u8bd1\u6587\u4ef6\uff0c\u5e76\u4e14\u8fd9\u4e9b\u6587\u4ef6\u5728\u76ee\u6807\u8bed\u8a00\u4e2d\u6700\u51c6\u786e\u5730\u4f53\u73b0\u539f\u59cb\u6587\u4ef6\u7684\u5185\u5bb9\u3002[\/vc_column_text][\/vc_column_inner][\/vc_row_inner][vc_empty_space height=&#8221;42px&#8221;][\/vc_column][vc_column width=&#8221;1\/2&#8243;][vc_single_image image=&#8221;6924&#8243; img_size=&#8221;full&#8221; qode_css_animation=&#8221;&#8221;][vc_empty_space height=&#8221;52px&#8221;][\/vc_column][\/vc_row][vc_row css_animation=&#8221;&#8221; row_type=&#8221;row&#8221; use_row_as_full_screen_section=&#8221;no&#8221; type=&#8221;grid&#8221; angled_section=&#8221;no&#8221; text_align=&#8221;left&#8221; background_image_as_pattern=&#8221;without_pattern&#8221; z_index=&#8221;&#8221;][vc_column][vc_separator type=&#8221;normal&#8221; color=&#8221;#88cce2&#8243; thickness=&#8221;5&#8243; up=&#8221;0&#8243; down=&#8221;0&#8243;][\/vc_column][\/vc_row][vc_row css_animation=&#8221;&#8221; row_type=&#8221;row&#8221; use_row_as_full_screen_section=&#8221;no&#8221; type=&#8221;full_width&#8221; angled_section=&#8221;no&#8221; text_align=&#8221;left&#8221; background_image_as_pattern=&#8221;without_pattern&#8221; z_index=&#8221;&#8221; css=&#8221;.vc_custom_1725764446349{padding-top: 30px !important;padding-bottom: 30px !important;background-color: rgba(0,166,228,0.05) !important;*background-color: rgb(0,166,228) !important;}&#8221;][vc_column][vc_row_inner row_type=&#8221;row&#8221; type=&#8221;grid&#8221; text_align=&#8221;left&#8221; css_animation=&#8221;&#8221;][vc_column_inner][vc_column_text css=&#8221;.vc_custom_1767924668331{padding-bottom: 40px !important;}&#8221;]<\/p>\n<h2>\u8058\u8bf7\u4e00\u652f\u7ecf\u9a8c\u4e30\u5bcc\u7684\u571f\u8033\u5176\u8bed\u7ffb\u8bd1\u56e2\u961f\uff01<\/h2>\n<p>Pronto Translations\u62e5\u6709\u8d85\u8fc725\u5e74\u7684\u4e1a\u52a1\u7ecf\u9a8c\uff0c\u662f\u6700\u4e3a\u8d44\u6df1\u7684\u7ffb\u8bd1\u673a\u6784\u4e4b\u4e00\u3002\u6211\u4eec\u63d0\u4f9b\u8d85\u8fc7300\u79cd\u8bed\u8a00\u5bf9\u7684\u7ffb\u8bd1\u670d\u52a1\uff0c\u5305\u62ec\u4e2d\u6587\u5230\u571f\u8033\u5176\u8bed\u548c\u82f1\u6587\u5230\u571f\u8033\u5176\u8bed\u7684\u7ffb\u8bd1\u670d\u52a1\u3002<\/p>\n<p>&nbsp;<\/p>\n<p><a href=\"mailto:https:\/\/prontotranslations.com\/contact\/\">\u8054\u7cfb\u6211\u4eec<\/a>\uff0c\u4e3a\u60a8\u7684\u5916\u8bed\u9879\u76ee\u8058\u8bf7\u7ecf\u9a8c\u4e30\u5bcc\u7684\u571f\u8033\u5176\u8bed\u7b14\u8bd1\u6216\u53e3\u8bd1\u5458\uff01[\/vc_column_text][\/vc_column_inner][\/vc_row_inner][\/vc_column][\/vc_row][vc_row css_animation=&#8221;&#8221; row_type=&#8221;row&#8221; use_row_as_full_screen_section=&#8221;no&#8221; type=&#8221;full_width&#8221; angled_section=&#8221;no&#8221; text_align=&#8221;left&#8221; background_image_as_pattern=&#8221;without_pattern&#8221; z_index=&#8221;&#8221; background_color=&#8221;rgba(0,166,228,0.35)&#8221;][vc_column][vc_row_inner row_type=&#8221;row&#8221; type=&#8221;grid&#8221; text_align=&#8221;left&#8221; css_animation=&#8221;&#8221; css=&#8221;.vc_custom_1712461537481{margin-top: 30px !important;margin-bottom: 30px !important;}&#8221;][vc_column_inner][vc_column_text css=&#8221;.vc_custom_1741820475699{padding-top: 15px !important;padding-right: 10px !important;padding-bottom: 15px !important;padding-left: 10px !important;background-color: #00a5e4 !important;border-radius: 3px !important;}&#8221;]<\/p>\n<p style=\"text-align: center;\"><span style=\"color: #ffffff;\"><a style=\"color: #ffffff;\" href=\"https:\/\/prontotranslations.com\/zh-hans\/contact-pronto-translations-china\/\">\u5982\u9700\u571f\u8033\u5176\u8bed\u7ffb\u8bd1\u6216\u672c\u5730\u5316\u9879\u76ee\u652f\u6301\uff0c\u6b22\u8fce\u4e0e\u6211\u4eec\u8054\u7cfb<\/a><\/span><\/p>\n<p>[\/vc_column_text][\/vc_column_inner][\/vc_row_inner][\/vc_column][\/vc_row]<\/p>\n<\/div>","protected":false},"excerpt":{"rendered":"<p>[vc_row css_animation=&#038;#8&#8230;<\/p>\n","protected":false},"author":1,"featured_media":0,"parent":5143,"menu_order":24,"comment_status":"closed","ping_status":"closed","template":"full_width.php","meta":{"footnotes":""},"class_list":["post-6920","page","type-page","status-publish","hentry"],"_links":{"self":[{"href":"https:\/\/prontotranslations.com\/zh-hans\/wp-json\/wp\/v2\/pages\/6920","targetHints":{"allow":["GET"]}}],"collection":[{"href":"https:\/\/prontotranslations.com\/zh-hans\/wp-json\/wp\/v2\/pages"}],"about":[{"href":"https:\/\/prontotranslations.com\/zh-hans\/wp-json\/wp\/v2\/types\/page"}],"author":[{"embeddable":true,"href":"https:\/\/prontotranslations.com\/zh-hans\/wp-json\/wp\/v2\/users\/1"}],"replies":[{"embeddable":true,"href":"https:\/\/prontotranslations.com\/zh-hans\/wp-json\/wp\/v2\/comments?post=6920"}],"version-history":[{"count":8,"href":"https:\/\/prontotranslations.com\/zh-hans\/wp-json\/wp\/v2\/pages\/6920\/revisions"}],"predecessor-version":[{"id":7865,"href":"https:\/\/prontotranslations.com\/zh-hans\/wp-json\/wp\/v2\/pages\/6920\/revisions\/7865"}],"up":[{"embeddable":true,"href":"https:\/\/prontotranslations.com\/zh-hans\/wp-json\/wp\/v2\/pages\/5143"}],"wp:attachment":[{"href":"https:\/\/prontotranslations.com\/zh-hans\/wp-json\/wp\/v2\/media?parent=6920"}],"curies":[{"name":"wp","href":"https:\/\/api.w.org\/{rel}","templated":true}]}}