{"id":7217,"date":"2024-09-08T23:38:29","date_gmt":"2024-09-08T23:38:29","guid":{"rendered":"https:\/\/prontotranslations.com\/?page_id=7217"},"modified":"2025-06-08T15:01:33","modified_gmt":"2025-06-08T15:01:33","slug":"turkish-translation-services","status":"publish","type":"page","link":"https:\/\/prontotranslations.com\/zh-hant\/list-of-languages\/turkish-translation-services\/","title":{"rendered":"\u571f\u8033\u5176\u8a9e\u7ffb\u8b6f\u548c\u8a9e\u8a00\u672c\u5730\u5316"},"content":{"rendered":"<div class=\"wpb-content-wrapper\"><p>[vc_row css_animation=&#8221;&#8221; row_type=&#8221;row&#8221; use_row_as_full_screen_section=&#8221;no&#8221; type=&#8221;full_width&#8221; angled_section=&#8221;no&#8221; text_align=&#8221;left&#8221; background_image_as_pattern=&#8221;without_pattern&#8221; z_index=&#8221;&#8221;][vc_column][vc_column_text css=&#8221;.vc_custom_1749394509014{padding-bottom: 30px !important;}&#8221;]<\/p>\n<h1 style=\"text-align: center;\">\u9078\u64c7\u6211\u5011\u7684\u571f\u8033\u5176\u8a9e\u7ffb\u8b6f\u670d\u52d9\uff0c\u8207\u60a8\u7684\u53d7\u773e\u5efa\u7acb\u806f\u7e6b<\/h1>\n<p>[\/vc_column_text][\/vc_column][\/vc_row][vc_row css_animation=&#8221;&#8221; row_type=&#8221;row&#8221; use_row_as_full_screen_section=&#8221;no&#8221; type=&#8221;grid&#8221; angled_section=&#8221;no&#8221; text_align=&#8221;left&#8221; background_image_as_pattern=&#8221;without_pattern&#8221; z_index=&#8221;&#8221; css=&#8221;.vc_custom_1719198241526{padding-top: 50px !important;padding-right: 10% !important;padding-left: 10% !important;}&#8221;][vc_column width=&#8221;1\/2&#8243; css=&#8221;.vc_custom_1712629369530{padding-right: 10% !important;padding-left: 10% !important;}&#8221;][vc_row_inner row_type=&#8221;row&#8221; type=&#8221;full_width&#8221; text_align=&#8221;center&#8221; css_animation=&#8221;&#8221; css=&#8221;.vc_custom_1722784476757{padding-top: 20px !important;}&#8221;][vc_column_inner][vc_column_text css=&#8221;.vc_custom_1749394531167{padding-bottom: 50px !important;}&#8221;]<\/p>\n<p style=\"text-align: center;\"><strong>Pronto Translations\u662f\u4e00\u5bb6\u64c1\u670920\u5e74\u4ee5\u4e0a\u696d\u52d9\u7d93\u9a57\u7684\u5c08\u696d\u516c\u53f8\uff0c\u70ba\u4f01\u696d\u548c\u500b\u4eba\u5ba2\u6236\u63d0\u4f9b\u9ad8\u54c1\u8cea\u7684\u571f\u8033\u5176\u8a9e\u7ffb\u8b6f\u670d\u52d9\uff0c\u4ee5\u53ca\u5176\u4ed6300\u7a2e\u8a9e\u8a00\u5c0d\u7684\u7ffb\u8b6f\u670d\u52d9\u3002<\/strong><\/p>\n<p>[\/vc_column_text][vc_column_text css=&#8221;.vc_custom_1749394877973{padding-top: 10px !important;padding-bottom: 10px !important;background-color: #00a6e4 !important;border-radius: 3px !important;}&#8221;]<\/p>\n<p style=\"text-align: center;\"><a href=\"https:\/\/prontotranslations.com\/zh-hans\/contact-pronto-translations-china\/\"><span style=\"color: #ffffff;\">\u5982\u9700\u571f\u8033\u5176\u8a9e\u7ffb\u8b6f\u6216\u8a9e\u8a00\u672c\u5730\u5316\u670d\u52d9\uff0c\u6b61\u8fce\u96a8\u6642\u806f\u7e6b\u6211\u5011<\/span><\/a><\/p>\n<p>[\/vc_column_text][vc_empty_space height=&#8221;52px&#8221;][\/vc_column_inner][\/vc_row_inner][\/vc_column][vc_column width=&#8221;1\/2&#8243;][vc_single_image image=&#8221;7219&#8243; img_size=&#8221;full&#8221; alignment=&#8221;center&#8221; css=&#8221;.vc_custom_1725839488788{padding-bottom: 30px !important;}&#8221; qode_css_animation=&#8221;&#8221;][vc_empty_space][\/vc_column][\/vc_row][vc_row css_animation=&#8221;&#8221; row_type=&#8221;row&#8221; use_row_as_full_screen_section=&#8221;no&#8221; type=&#8221;grid&#8221; angled_section=&#8221;no&#8221; text_align=&#8221;left&#8221; background_image_as_pattern=&#8221;without_pattern&#8221; z_index=&#8221;&#8221;][vc_column][vc_separator type=&#8221;normal&#8221; color=&#8221;#88cce2&#8243; thickness=&#8221;5&#8243; up=&#8221;0&#8243; down=&#8221;0&#8243;][\/vc_column][\/vc_row][vc_row css_animation=&#8221;&#8221; row_type=&#8221;row&#8221; use_row_as_full_screen_section=&#8221;no&#8221; type=&#8221;grid&#8221; angled_section=&#8221;no&#8221; text_align=&#8221;left&#8221; background_image_as_pattern=&#8221;without_pattern&#8221; z_index=&#8221;&#8221; css=&#8221;.vc_custom_1722956231897{background-color: rgba(0,166,228,0.05) !important;*background-color: rgb(0,166,228) !important;}&#8221;][vc_column][vc_row_inner row_type=&#8221;row&#8221; type=&#8221;full_width&#8221; text_align=&#8221;left&#8221; css_animation=&#8221;&#8221; css=&#8221;.vc_custom_1722956176185{padding-top: 50px !important;}&#8221;][vc_column_inner][vc_column_text css=&#8221;&#8221;]\u6211\u5011\u7684<a href=\"https:\/\/prontotranslations.com\/zh-hans\/list-of-languages\/\">\u8a9e\u8a00\u7ffb\u8b6f\u670d\u52d9<\/a>\u5c08\u5bb6\u5718\u968a\u96a8\u6642\u5f85\u547d\u4ee5\u70ba\u60a8\u63d0\u4f9b\u571f\u8033\u5176\u8a9e\u7684\u7b46\u8b6f\u548c\u53e3\u8b6f\u670d\u52d9\uff0c\u6eff\u8db3\u60a8\u7684\u5404\u7a2e\u5546\u52d9\u6216\u500b\u4eba\u9700\u6c42\u3002\u7121\u8ad6\u60a8\u7684\u5c08\u6848\u591a\u9ebc\u8907\u96dc\u6216\u7dca\u6025\uff0c\u6211\u5011\u7684\u5c08\u696d\u8b6f\u54e1\u90fd\u80fd\u4ee5100%\u7684\u6e96\u78ba\u5ea6\u6309\u6642\u5b8c\u6210\u3002\u6211\u5011\u4fdd\u8b49\u60a8\u59d4\u8a17\u7d66Pronto Translations\u7684\u6240\u6709\u6587\u4ef6\u5728\u54c1\u8cea\u3001\u4fdd\u5bc6\u6027\u548c\u8cc7\u6599\u5b89\u5168\u6027\u65b9\u9762\u90fd\u80fd\u5f97\u5230\u4fdd\u969c\u3002<\/p>\n<p>&nbsp;<\/p>\n<p>\u6211\u5011\u77ad\u89e3\u6709\u4e9b\u5ba2\u6236\u9700\u8981\u5c08\u9580\u7684\u5916\u8a9e\u670d\u52d9\uff0c\u4f8b\u5982\u5c07\u654f\u611f\u7684\u5546\u696d\u6216\u91d1\u878d\u6587\u4ef6\u6216\u91ab\u7642\u8a18\u9304\u7ffb\u8b6f\u6210\u571f\u8033\u5176\u8a9e\u3002\u6211\u5011\u6703\u5c07\u60a8\u7684\u7ffb\u8b6f\u5c08\u6848\u5206\u914d\u7d66\u5c0d\u6b64\u7279\u5b9a\u9818\u57df\u53ca\u5176\u8853\u8a9e\u6709\u6df1\u5165\u77ad\u89e3\u7684\u8a9e\u8a00\u5c08\u5bb6\u3002<\/p>\n<p>&nbsp;<\/p>\n<h2>\u571f\u8033\u5176\u8a9e\u662f\u5168\u7403\u4f7f\u7528\u4eba\u6578\u6392\u540d\u7b2c13\u7684\u8a9e\u8a00\u3002<\/h2>\n<p>\u571f\u8033\u5176\u8a9e\uff08T\u00fcrk\u00e7e\uff0cT\u00fcrk dili\uff09\u53c8\u7a31T\u00fcrkiye T\u00fcrk\u00e7esi\uff0c\u662f\u571f\u8033\u517693%\u4eba\u53e3\u7684\u6bcd\u8a9e\uff0c\u4e5f\u662f30\u591a\u500b\u570b\u5bb6\u571f\u8033\u5176\u88d4\u5c45\u6c11\u7684\u6bcd\u8a9e\u3002\u5171\u67097810\u842c\u4eba\u5c07\u571f\u8033\u5176\u8a9e\u4f5c\u70ba\u4ed6\u5011\u7684\u6bcd\u8a9e\u3002\u5728\u539f\u5c6c\u9102\u5716\u66fc\u5e1d\u570b\u7684\u570b\u5bb6\u4e2d\uff0c\u81f3\u4eca\u4ecd\u4fdd\u7559\u8457\u8b1b\u571f\u8033\u5176\u8a9e\u7684\u5c11\u6578\u65cf\u7fa4\u3002\u9019\u4e9b\u570b\u5bb6\u5305\u62ec\u4fdd\u52a0\u5229\u4e9e\uff08\u6839\u64da2011\u5e74\u4eba\u53e3\u666e\u67e5\uff0c\u4f549.1%\uff09\u3001\u585e\u666e\u52d2\u65af\u3001\u5e0c\u81d8\uff08\u4e3b\u8981\u5206\u4f48\u5728\u897f\u8272\u96f7\u65af\uff09\u3001\u4f0a\u62c9\u514b\u3001\u5317\u99ac\u5176\u9813\u3001\u7f85\u99ac\u5c3c\u4e9e\u548c\u585e\u723e\u7dad\u4e9e\u3002\u6b64\u5916\uff0c\u5fb7\u570b\u7d04\u6709200\u842c\u571f\u8033\u5176\u8a9e\u4f7f\u7528\u8005\uff0c\u800c\u5967\u5730\u5229\u3001\u6bd4\u5229\u6642\u3001\u6cd5\u570b\u3001\u8377\u862d\u3001\u745e\u58eb\u3001\u82f1\u570b\u548c\u7f8e\u570b\u7b49\u570b\u4e5f\u6709\u5927\u91cf\u8b1b\u571f\u8033\u5176\u8a9e\u7684\u4eba\u53e3\u3002<\/p>\n<p>&nbsp;<\/p>\n<p>\u4e9e\u585e\u62dc\u7136\u8a9e\uff0c\u53c8\u7a31\u963f\u6fa4\u91cc\u8a9e\uff0c\u662f\u4e9e\u585e\u62dc\u7136\u7684\u5b98\u65b9\u8a9e\u8a00\uff0c\u8207\u571f\u8033\u5176\u8a9e\u9ad8\u5ea6\u4e92\u901a\u3002\u5169\u7a2e\u8a9e\u8a00\u7684\u4f7f\u7528\u8005\u80fd\u5920\u6beb\u4e0d\u8cbb\u529b\u5730\u7406\u89e3\u5c0d\u65b9\u7684\u8a9e\u8a00\u3002[\/vc_column_text][\/vc_column_inner][\/vc_row_inner][vc_row_inner row_type=&#8221;row&#8221; type=&#8221;full_width&#8221; text_align=&#8221;left&#8221; css_animation=&#8221;&#8221; css=&#8221;.vc_custom_1722956176185{padding-top: 50px !important;}&#8221;][vc_column_inner][vc_single_image image=&#8221;7220&#8243; img_size=&#8221;full&#8221; alignment=&#8221;center&#8221; qode_css_animation=&#8221;&#8221;][\/vc_column_inner][\/vc_row_inner][vc_row_inner row_type=&#8221;row&#8221; type=&#8221;full_width&#8221; text_align=&#8221;left&#8221; css_animation=&#8221;&#8221; css=&#8221;.vc_custom_1722956176185{padding-top: 50px !important;}&#8221;][vc_column_inner][vc_column_text css=&#8221;&#8221;]<\/p>\n<h2>\u5b98\u65b9\u5730\u4f4d<\/h2>\n<p>\u571f\u8033\u5176\u8a9e\u662f\u571f\u8033\u5176\u7684\u5b98\u65b9\u8a9e\u8a00\uff0c\u4e5f\u662f\u585e\u666e\u52d2\u65af\u7684\u5b98\u65b9\u8a9e\u8a00\u4e4b\u4e00\u3002\u5b83\u662f\u5317\u585e\u666e\u52d2\u65af\u7684\u552f\u4e00\u5b98\u65b9\u8a9e\u8a00\u3002\u81ea2015\u5e74\u4ee5\u4f86\uff0c\u571f\u8033\u5176\u8a9e\u662f\u79d1\u7d22\u6c8338\u500b\u5e02\u93ae\u7684\u5b98\u65b9\u8a9e\u8a00\uff0c\u5305\u62ec\u571f\u8033\u5176\u4eba\u5360\u7d55\u5927\u591a\u6578\u7684\u99ac\u7a46\u6c99\u3002\u6b64\u5916\uff0c\u571f\u8033\u5176\u8a9e\u9084\u662f\u5317\u99ac\u5176\u9813\u5171\u548c\u570b\u7684\u5169\u500b\u5e02\u93ae\u4ee5\u53ca\u4f0a\u62c9\u514b\u57fa\u723e\u5eab\u514b\u7701\u7684\u5171\u540c\u5b98\u65b9\u8a9e\u8a00\u3002[\/vc_column_text][\/vc_column_inner][\/vc_row_inner][vc_empty_space][\/vc_column][\/vc_row][vc_row css_animation=&#8221;&#8221; row_type=&#8221;row&#8221; use_row_as_full_screen_section=&#8221;no&#8221; type=&#8221;grid&#8221; angled_section=&#8221;no&#8221; text_align=&#8221;left&#8221; background_image_as_pattern=&#8221;without_pattern&#8221; z_index=&#8221;&#8221;][vc_column][vc_separator type=&#8221;normal&#8221; color=&#8221;#88cce2&#8243; thickness=&#8221;5&#8243; up=&#8221;0&#8243; down=&#8221;0&#8243;][\/vc_column][\/vc_row][vc_row css_animation=&#8221;&#8221; row_type=&#8221;row&#8221; use_row_as_full_screen_section=&#8221;no&#8221; type=&#8221;grid&#8221; angled_section=&#8221;no&#8221; text_align=&#8221;left&#8221; background_image_as_pattern=&#8221;without_pattern&#8221; z_index=&#8221;&#8221; css=&#8221;.vc_custom_1722957023348{padding-top: 50px !important;}&#8221;][vc_column width=&#8221;1\/2&#8243;][vc_row_inner row_type=&#8221;row&#8221; type=&#8221;full_width&#8221; text_align=&#8221;left&#8221; css_animation=&#8221;&#8221;][vc_column_inner][vc_column_text css=&#8221;&#8221;]<\/p>\n<h2>\u8058\u8acb\u6211\u5011\u571f\u8033\u5176\u8a9e\u7ffb\u8b6f\u670d\u52d9\u6a5f\u69cb\u7684\u53e3\u8b6f\u54e1\u7684\u597d\u8655<\/h2>\n<p>\u5728\u67d0\u4e9b\u60c5\u6cc1\u4e0b\uff0c\u60a8\u53ef\u80fd\u9700\u8981\u5728\u9060\u8ddd\u8996\u8a0a\u6703\u8b70\u3001\u96fb\u8a71\u6703\u8b70\u6216\u9762\u5c0d\u9762\u6703\u8b70\u4e2d\u9032\u884c\u9ad8\u54c1\u8cea\u7684\u4e2d\u6587\u6216\u82f1\u8a9e\u5230\u571f\u8033\u5176\u8a9e\u7ffb\u8b6f\u3002\u60a8\u53ef\u4ee5\u653e\u5fc3\uff0c\u6211\u5011\u70ba\u60a8\u5b89\u6392\u7684\u5c08\u696d\u4eba\u54e1\u7d93\u9a57\u8c50\u5bcc\uff0c\u53ef\u6839\u64da\u60a8\u7684\u9700\u6c42\u9078\u64c7\u6700\u4f73\u53e3\u8b6f\u65b9\u6cd5\u3002<\/p>\n<ul>\n<li>\u9010\u6b65\u53e3\u8b6f<\/li>\n<li>\u540c\u6b65\u53e3\u8b6f<\/li>\n<li>\u96fb\u8a71\u53e3\u8b6f<\/li>\n<li>\u8033\u8a9e\u53e3\u8b6f<\/li>\n<\/ul>\n<p>\u53e3\u8b6f\u54e1\u5c07\u4ee5\u4e0d\u5f15\u4eba\u6ce8\u76ee\u7684\u65b9\u5f0f\u63d0\u4f9b\u6e96\u78ba\u7684\u571f\u8033\u5176\u8a9e\u7ffb\u8b6f\u670d\u52d9\uff0c\u4e26\u5c0d\u6703\u8b70\u4e2d\u807d\u5230\u7684\u6240\u6709\u5167\u5bb9\u4fdd\u5bc6\u3002<\/p>\n<p>&nbsp;<\/p>\n<h2>\u6211\u5011\u53ef\u4ee5\u8655\u7406\u7dca\u6025\u7684\u571f\u8033\u5176\u8a9e\u7ffb\u8b6f\u670d\u52d9\u8acb\u6c42<\/h2>\n<p>\u5728\u67d0\u4e9b\u60c5\u6cc1\u4e0b\uff0c\u60a8\u53ef\u80fd\u9700\u8981\u5728\u77ed\u6642\u9593\u5167\u5c07\u5927\u91cf\u6587\u4ef6\u7ffb\u8b6f\u6210\u571f\u8033\u5176\u6587\u3002\u500b\u4eba\u81ea\u7531\u8b6f\u8005\u53ef\u80fd\u7121\u6cd5\u6eff\u8db3\u9019\u4e00\u8981\u6c42\u3002\u7136\u800c\uff0c\u4e00\u5bb6\u5177\u6709\u5168\u7403\u5f71\u97ff\u529b\u7684\u571f\u8033\u5176\u8a9e\u7ffb\u8b6f\u6a5f\u69cb\u53ef\u4ee5\u8f15\u9b06\u61c9\u5c0d\u6700\u7dca\u6025\u7684\u4efb\u52d9\uff0c\u4e26\u4e14\u6e96\u6642\u4ea4\u4ef6\u3002<\/p>\n<p>&nbsp;<\/p>\n<p>\u6211\u5011\u7684\u571f\u8033\u5176\u8a9e\u7ffb\u8b6f\u670d\u52d9\u5c08\u5bb6\u5c07\u5171\u540c\u5408\u4f5c\uff0c\u78ba\u4fdd\u60a8\u53ca\u6642\u53d6\u5f97\u7ffb\u8b6f\u6587\u4ef6\uff0c\u4e14\u78ba\u4fdd\u9019\u4e9b\u6587\u4ef6\u5728\u76ee\u6a19\u8a9e\u8a00\u4e2d\u6700\u6e96\u78ba\u5730\u9ad4\u73fe\u539f\u59cb\u6587\u4ef6\u7684\u5167\u5bb9\u3002[\/vc_column_text][\/vc_column_inner][\/vc_row_inner][vc_empty_space height=&#8221;42px&#8221;][\/vc_column][vc_column width=&#8221;1\/2&#8243;][vc_single_image image=&#8221;7221&#8243; img_size=&#8221;full&#8221; qode_css_animation=&#8221;&#8221;][vc_empty_space height=&#8221;52px&#8221;][\/vc_column][\/vc_row][vc_row css_animation=&#8221;&#8221; row_type=&#8221;row&#8221; use_row_as_full_screen_section=&#8221;no&#8221; type=&#8221;grid&#8221; angled_section=&#8221;no&#8221; text_align=&#8221;left&#8221; background_image_as_pattern=&#8221;without_pattern&#8221; z_index=&#8221;&#8221;][vc_column][vc_separator type=&#8221;normal&#8221; color=&#8221;#88cce2&#8243; thickness=&#8221;5&#8243; up=&#8221;0&#8243; down=&#8221;0&#8243;][\/vc_column][\/vc_row][vc_row css_animation=&#8221;&#8221; row_type=&#8221;row&#8221; use_row_as_full_screen_section=&#8221;no&#8221; type=&#8221;full_width&#8221; angled_section=&#8221;no&#8221; text_align=&#8221;left&#8221; background_image_as_pattern=&#8221;without_pattern&#8221; z_index=&#8221;&#8221; css=&#8221;.vc_custom_1725764446349{padding-top: 30px !important;padding-bottom: 30px !important;background-color: rgba(0,166,228,0.05) !important;*background-color: rgb(0,166,228) !important;}&#8221;][vc_column][vc_row_inner row_type=&#8221;row&#8221; type=&#8221;grid&#8221; text_align=&#8221;left&#8221; css_animation=&#8221;&#8221;][vc_column_inner][vc_column_text css=&#8221;.vc_custom_1749394785553{padding-bottom: 40px !important;}&#8221;]<\/p>\n<h2>\u8058\u8acb\u4e00\u652f\u7d93\u9a57\u8c50\u5bcc\u7684\u571f\u8033\u5176\u8a9e\u7ffb\u8b6f\u5718\u968a\uff01<\/h2>\n<p>Pronto Translations\u64c1\u6709\u8d85\u904e20\u5e74\u7684\u696d\u52d9\u7d93\u9a57\uff0c\u662f\u6700\u70ba\u8cc7\u6df1\u7684\u7ffb\u8b6f\u6a5f\u69cb\u4e4b\u4e00\u3002\u6211\u5011\u63d0\u4f9b\u8d85\u904e300\u7a2e\u8a9e\u8a00\u5c0d\u7684\u7ffb\u8b6f\u670d\u52d9\uff0c\u5305\u62ec\u4e2d\u6587\u5230\u571f\u8033\u5176\u6587\u548c\u82f1\u6587\u5230\u571f\u8033\u5176\u6587\u7684\u7ffb\u8b6f\u670d\u52d9<\/p>\n<p>&nbsp;<\/p>\n<p><a href=\"https:\/\/prontotranslations.com\/zh-hans\/contact-pronto-translations-china\/\">\u806f\u7e6b\u6211\u5011<\/a>\uff0c\u70ba\u60a8\u7684\u5916\u8a9e\u5c08\u6848\u8058\u8acb\u7d93\u9a57\u8c50\u5bcc\u7684\u571f\u8033\u5176\u8a9e\u7b46\u8b6f\u6216\u53e3\u8b6f\u54e1[\/vc_column_text][\/vc_column_inner][\/vc_row_inner][\/vc_column][\/vc_row][vc_row css_animation=&#8221;&#8221; row_type=&#8221;row&#8221; use_row_as_full_screen_section=&#8221;no&#8221; type=&#8221;full_width&#8221; angled_section=&#8221;no&#8221; text_align=&#8221;left&#8221; background_image_as_pattern=&#8221;without_pattern&#8221; z_index=&#8221;&#8221; background_color=&#8221;rgba(0,166,228,0.35)&#8221;][vc_column][vc_row_inner row_type=&#8221;row&#8221; type=&#8221;grid&#8221; text_align=&#8221;left&#8221; css_animation=&#8221;&#8221; css=&#8221;.vc_custom_1712461537481{margin-top: 30px !important;margin-bottom: 30px !important;}&#8221;][vc_column_inner][vc_column_text css=&#8221;.vc_custom_1749394888533{padding-top: 15px !important;padding-right: 10px !important;padding-bottom: 15px !important;padding-left: 10px !important;background-color: #00a5e4 !important;border-radius: 3px !important;}&#8221;]<\/p>\n<p style=\"text-align: center;\"><span style=\"color: #ffffff;\"><a style=\"color: #ffffff;\" href=\"https:\/\/prontotranslations.com\/zh-hans\/contact-pronto-translations-china\/\">\u5982\u9700\u571f\u8033\u5176\u8a9e\u7ffb\u8b6f\u6216\u8a9e\u8a00\u672c\u5730\u5316\u670d\u52d9\uff0c\u6b61\u8fce\u96a8\u6642\u806f\u7e6b\u6211\u5011<\/a><\/span><\/p>\n<p>[\/vc_column_text][\/vc_column_inner][\/vc_row_inner][\/vc_column][\/vc_row]<\/p>\n<\/div>","protected":false},"excerpt":{"rendered":"<p>[vc_row css_animation=&#038;#8&#8230;<\/p>\n","protected":false},"author":1,"featured_media":0,"parent":5436,"menu_order":24,"comment_status":"closed","ping_status":"closed","template":"full_width.php","meta":{"footnotes":""},"class_list":["post-7217","page","type-page","status-publish","hentry"],"_links":{"self":[{"href":"https:\/\/prontotranslations.com\/zh-hant\/wp-json\/wp\/v2\/pages\/7217","targetHints":{"allow":["GET"]}}],"collection":[{"href":"https:\/\/prontotranslations.com\/zh-hant\/wp-json\/wp\/v2\/pages"}],"about":[{"href":"https:\/\/prontotranslations.com\/zh-hant\/wp-json\/wp\/v2\/types\/page"}],"author":[{"embeddable":true,"href":"https:\/\/prontotranslations.com\/zh-hant\/wp-json\/wp\/v2\/users\/1"}],"replies":[{"embeddable":true,"href":"https:\/\/prontotranslations.com\/zh-hant\/wp-json\/wp\/v2\/comments?post=7217"}],"version-history":[{"count":6,"href":"https:\/\/prontotranslations.com\/zh-hant\/wp-json\/wp\/v2\/pages\/7217\/revisions"}],"predecessor-version":[{"id":7227,"href":"https:\/\/prontotranslations.com\/zh-hant\/wp-json\/wp\/v2\/pages\/7217\/revisions\/7227"}],"up":[{"embeddable":true,"href":"https:\/\/prontotranslations.com\/zh-hant\/wp-json\/wp\/v2\/pages\/5436"}],"wp:attachment":[{"href":"https:\/\/prontotranslations.com\/zh-hant\/wp-json\/wp\/v2\/media?parent=7217"}],"curies":[{"name":"wp","href":"https:\/\/api.w.org\/{rel}","templated":true}]}}